{"id":22,"date":"2021-12-17T16:55:35","date_gmt":"2021-12-17T16:55:35","guid":{"rendered":"https:\/\/consolata-massangulo.co.mz\/home\/consolatamassang\/?page_id=22"},"modified":"2022-05-30T10:15:25","modified_gmt":"2022-05-30T10:15:25","slug":"about","status":"publish","type":"page","link":"https:\/\/consolata-massangulo.co.mz\/home\/consolatamassang\/about\/","title":{"rendered":""},"content":{"rendered":"\t\t<div data-elementor-type=\"wp-page\" data-elementor-id=\"22\" class=\"elementor elementor-22\" data-elementor-settings=\"[]\">\n\t\t\t\t\t\t\t<div class=\"elementor-section-wrap\">\n\t\t\t\t\t\t\t<section class=\"elementor-section elementor-top-section elementor-element elementor-element-9b49a0b elementor-section-full_width elementor-section-height-default elementor-section-height-default\" data-id=\"9b49a0b\" data-element_type=\"section\" data-settings=\"{&quot;background_background&quot;:&quot;gradient&quot;,&quot;_ha_eqh_enable&quot;:false}\">\n\t\t\t\t\t\t\t<div class=\"elementor-background-overlay\"><\/div>\n\t\t\t\t\t\t\t<div class=\"elementor-container elementor-column-gap-default\">\n\t\t\t\t\t<div class=\"elementor-column elementor-col-100 elementor-top-column elementor-element elementor-element-a51281c\" data-id=\"a51281c\" data-element_type=\"column\">\n\t\t\t<div class=\"elementor-widget-wrap\">\n\t\t\t\t\t\t\t\t\t<\/div>\n\t\t<\/div>\n\t\t\t\t\t\t\t<\/div>\n\t\t<\/section>\n\t\t\t\t<section class=\"elementor-section elementor-top-section elementor-element elementor-element-15a0e83 elementor-section-full_width elementor-section-height-default elementor-section-height-default\" data-id=\"15a0e83\" data-element_type=\"section\" data-settings=\"{&quot;_ha_eqh_enable&quot;:false}\">\n\t\t\t\t\t\t<div class=\"elementor-container elementor-column-gap-default\">\n\t\t\t\t\t<div class=\"elementor-column elementor-col-100 elementor-top-column elementor-element elementor-element-bf378d6\" data-id=\"bf378d6\" data-element_type=\"column\">\n\t\t\t<div class=\"elementor-widget-wrap elementor-element-populated\">\n\t\t\t\t\t\t\t\t<div class=\"elementor-element elementor-element-1cb26a3 elementor-widget elementor-widget-heading\" data-id=\"1cb26a3\" data-element_type=\"widget\" data-widget_type=\"heading.default\">\n\t\t\t\t<div class=\"elementor-widget-container\">\n\t\t\t<style>\/*! elementor - v3.5.0 - 12-12-2021 *\/\n.elementor-heading-title{padding:0;margin:0;line-height:1}.elementor-widget-heading .elementor-heading-title[class*=elementor-size-]>a{color:inherit;font-size:inherit;line-height:inherit}.elementor-widget-heading .elementor-heading-title.elementor-size-small{font-size:15px}.elementor-widget-heading .elementor-heading-title.elementor-size-medium{font-size:19px}.elementor-widget-heading .elementor-heading-title.elementor-size-large{font-size:29px}.elementor-widget-heading .elementor-heading-title.elementor-size-xl{font-size:39px}.elementor-widget-heading .elementor-heading-title.elementor-size-xxl{font-size:59px}<\/style><h2 class=\"elementor-heading-title elementor-size-default\">Sobre N\u00f3s<\/h2>\t\t<\/div>\n\t\t\t\t<\/div>\n\t\t\t\t\t<\/div>\n\t\t<\/div>\n\t\t\t\t\t\t\t<\/div>\n\t\t<\/section>\n\t\t\t\t<section class=\"elementor-section elementor-top-section elementor-element elementor-element-d386665 elementor-section-boxed elementor-section-height-default elementor-section-height-default\" data-id=\"d386665\" data-element_type=\"section\" data-settings=\"{&quot;_ha_eqh_enable&quot;:false}\">\n\t\t\t\t\t\t<div class=\"elementor-container elementor-column-gap-default\">\n\t\t\t\t\t<div class=\"elementor-column elementor-col-100 elementor-top-column elementor-element elementor-element-da62c8f\" data-id=\"da62c8f\" data-element_type=\"column\">\n\t\t\t<div class=\"elementor-widget-wrap elementor-element-populated\">\n\t\t\t\t\t\t\t\t<div class=\"elementor-element elementor-element-06b568d elementor-widget elementor-widget-heading\" data-id=\"06b568d\" data-element_type=\"widget\" data-widget_type=\"heading.default\">\n\t\t\t\t<div class=\"elementor-widget-container\">\n\t\t\t<h2 class=\"elementor-heading-title elementor-size-default\">Miss\u00e3o de N\u00aa Senhora da Consolata de Massangulo<\/h2>\t\t<\/div>\n\t\t\t\t<\/div>\n\t\t\t\t\t<\/div>\n\t\t<\/div>\n\t\t\t\t\t\t\t<\/div>\n\t\t<\/section>\n\t\t\t\t<section class=\"elementor-section elementor-top-section elementor-element elementor-element-c24c0e3 elementor-section-boxed elementor-section-height-default elementor-section-height-default\" data-id=\"c24c0e3\" data-element_type=\"section\" data-settings=\"{&quot;_ha_eqh_enable&quot;:false}\">\n\t\t\t\t\t\t<div class=\"elementor-container elementor-column-gap-default\">\n\t\t\t\t\t<div class=\"elementor-column elementor-col-50 elementor-top-column elementor-element elementor-element-183d11c\" data-id=\"183d11c\" data-element_type=\"column\">\n\t\t\t<div class=\"elementor-widget-wrap elementor-element-populated\">\n\t\t\t\t\t\t\t\t<div class=\"elementor-element elementor-element-5322ac4 elementor-widget elementor-widget-image\" data-id=\"5322ac4\" data-element_type=\"widget\" data-widget_type=\"image.default\">\n\t\t\t\t<div class=\"elementor-widget-container\">\n\t\t\t<style>\/*! elementor - v3.5.0 - 12-12-2021 *\/\n.elementor-widget-image{text-align:center}.elementor-widget-image a{display:inline-block}.elementor-widget-image a img[src$=\".svg\"]{width:48px}.elementor-widget-image img{vertical-align:middle;display:inline-block}<\/style>\t\t\t\t\t\t\t\t\t\t\t\t<img width=\"640\" height=\"453\" src=\"https:\/\/consolata-massangulo.co.mz\/home\/consolatamassang\/wp-content\/uploads\/2022\/05\/2-1024x724.jpg\" class=\"attachment-large size-large\" alt=\"\" srcset=\"https:\/\/consolata-massangulo.co.mz\/home\/consolatamassang\/wp-content\/uploads\/2022\/05\/2-1024x724.jpg 1024w, https:\/\/consolata-massangulo.co.mz\/home\/consolatamassang\/wp-content\/uploads\/2022\/05\/2-300x212.jpg 300w, https:\/\/consolata-massangulo.co.mz\/home\/consolatamassang\/wp-content\/uploads\/2022\/05\/2-768x543.jpg 768w, https:\/\/consolata-massangulo.co.mz\/home\/consolatamassang\/wp-content\/uploads\/2022\/05\/2-1536x1086.jpg 1536w, https:\/\/consolata-massangulo.co.mz\/home\/consolatamassang\/wp-content\/uploads\/2022\/05\/2-2048x1448.jpg 2048w\" sizes=\"(max-width: 640px) 100vw, 640px\" \/>\t\t\t\t\t\t\t\t\t\t\t\t\t\t\t<\/div>\n\t\t\t\t<\/div>\n\t\t\t\t\t<\/div>\n\t\t<\/div>\n\t\t\t\t<div class=\"elementor-column elementor-col-50 elementor-top-column elementor-element elementor-element-f33a445\" data-id=\"f33a445\" data-element_type=\"column\">\n\t\t\t<div class=\"elementor-widget-wrap elementor-element-populated\">\n\t\t\t\t\t\t\t\t<div class=\"elementor-element elementor-element-8741454 elementor-view-stacked elementor-shape-circle elementor-position-top elementor-vertical-align-top elementor-widget elementor-widget-icon-box\" data-id=\"8741454\" data-element_type=\"widget\" data-widget_type=\"icon-box.default\">\n\t\t\t\t<div class=\"elementor-widget-container\">\n\t\t\t<style>\/*! elementor - v3.5.0 - 12-12-2021 *\/\n@media (min-width:768px){.elementor-widget-icon-box.elementor-position-left .elementor-icon-box-wrapper,.elementor-widget-icon-box.elementor-position-right .elementor-icon-box-wrapper{display:-webkit-box;display:-ms-flexbox;display:flex}.elementor-widget-icon-box.elementor-position-left .elementor-icon-box-icon,.elementor-widget-icon-box.elementor-position-right .elementor-icon-box-icon{display:-webkit-inline-box;display:-ms-inline-flexbox;display:inline-flex;-webkit-box-flex:0;-ms-flex:0 0 auto;flex:0 0 auto}.elementor-widget-icon-box.elementor-position-right .elementor-icon-box-wrapper{text-align:right;-webkit-box-orient:horizontal;-webkit-box-direction:reverse;-ms-flex-direction:row-reverse;flex-direction:row-reverse}.elementor-widget-icon-box.elementor-position-left .elementor-icon-box-wrapper{text-align:left;-webkit-box-orient:horizontal;-webkit-box-direction:normal;-ms-flex-direction:row;flex-direction:row}.elementor-widget-icon-box.elementor-position-top .elementor-icon-box-img{margin:auto}.elementor-widget-icon-box.elementor-vertical-align-top .elementor-icon-box-wrapper{-webkit-box-align:start;-ms-flex-align:start;align-items:flex-start}.elementor-widget-icon-box.elementor-vertical-align-middle .elementor-icon-box-wrapper{-webkit-box-align:center;-ms-flex-align:center;align-items:center}.elementor-widget-icon-box.elementor-vertical-align-bottom .elementor-icon-box-wrapper{-webkit-box-align:end;-ms-flex-align:end;align-items:flex-end}}@media (max-width:767px){.elementor-widget-icon-box .elementor-icon-box-icon{margin-left:auto!important;margin-right:auto!important;margin-bottom:15px}}.elementor-widget-icon-box .elementor-icon-box-wrapper{text-align:center}.elementor-widget-icon-box .elementor-icon-box-title a{color:inherit}.elementor-widget-icon-box .elementor-icon-box-content{-webkit-box-flex:1;-ms-flex-positive:1;flex-grow:1}.elementor-widget-icon-box .elementor-icon-box-description{margin:0}<\/style>\t\t<div class=\"elementor-icon-box-wrapper\">\n\t\t\t\t\t\t<div class=\"elementor-icon-box-icon\">\n\t\t\t\t<span class=\"elementor-icon elementor-animation-\" >\n\t\t\t\t<i aria-hidden=\"true\" class=\"fas fa-star\"><\/i>\t\t\t\t<\/span>\n\t\t\t<\/div>\n\t\t\t\t\t\t<div class=\"elementor-icon-box-content\">\n\t\t\t\t<h2 class=\"elementor-icon-box-title\">\n\t\t\t\t\t<span  >\n\t\t\t\t\t\tA Miss\u00e3o de Massangulo\t\t\t\t\t<\/span>\n\t\t\t\t<\/h2>\n\t\t\t\t\t\t\t\t\t<p class=\"elementor-icon-box-description\">\n\t\t\t\t\t\t<span style=\"color: rgb(7, 5, 5); white-space: normal;\">A Miss\u00e3o de Massangulo foi fundada a 20 maio de 1928 Pelo<\/span><br style=\"color: rgb(7, 5, 5); white-space: normal;\"><span style=\"color: rgb(7, 5, 5); white-space: normal;\">Pe. Pedro Calandri, Mission\u00e1rio da Consolata. Foi a Primeira miss\u00e3o fundada na&nbsp;&nbsp;<\/span><span style=\"color: rgb(7, 5, 5); white-space: normal;\">actual diocese de Lichinga.<\/span>\t\t\t\t\t<\/p>\n\t\t\t\t\t\t\t<\/div>\n\t\t<\/div>\n\t\t\t\t<\/div>\n\t\t\t\t<\/div>\n\t\t\t\t\t<\/div>\n\t\t<\/div>\n\t\t\t\t\t\t\t<\/div>\n\t\t<\/section>\n\t\t\t\t<section class=\"elementor-section elementor-top-section elementor-element elementor-element-d024ac4 elementor-section-boxed elementor-section-height-default elementor-section-height-default\" data-id=\"d024ac4\" data-element_type=\"section\" data-settings=\"{&quot;background_background&quot;:&quot;classic&quot;,&quot;_ha_eqh_enable&quot;:false}\">\n\t\t\t\t\t\t<div class=\"elementor-container elementor-column-gap-default\">\n\t\t\t\t\t<div class=\"elementor-column elementor-col-50 elementor-top-column elementor-element elementor-element-3abb751\" data-id=\"3abb751\" data-element_type=\"column\">\n\t\t\t<div class=\"elementor-widget-wrap elementor-element-populated\">\n\t\t\t\t\t\t\t\t<div class=\"elementor-element elementor-element-36c2150 elementor-widget elementor-widget-text-editor\" data-id=\"36c2150\" data-element_type=\"widget\" data-widget_type=\"text-editor.default\">\n\t\t\t\t<div class=\"elementor-widget-container\">\n\t\t\t<style>\/*! elementor - v3.5.0 - 12-12-2021 *\/\n.elementor-widget-text-editor.elementor-drop-cap-view-stacked .elementor-drop-cap{background-color:#818a91;color:#fff}.elementor-widget-text-editor.elementor-drop-cap-view-framed .elementor-drop-cap{color:#818a91;border:3px solid;background-color:transparent}.elementor-widget-text-editor:not(.elementor-drop-cap-view-default) .elementor-drop-cap{margin-top:8px}.elementor-widget-text-editor:not(.elementor-drop-cap-view-default) .elementor-drop-cap-letter{width:1em;height:1em}.elementor-widget-text-editor .elementor-drop-cap{float:left;text-align:center;line-height:1;font-size:50px}.elementor-widget-text-editor .elementor-drop-cap-letter{display:inline-block}<\/style>\t\t\t\t<p>A Miss\u00e3o foi um importante centro educativo e de promo\u00e7\u00e3o humana. A grandiosa Igreja da Miss\u00e3o, a Igreja de Nossa Senhora da Consolata de Massangulo, foi constru\u00edda entre os anos 1954 e 1965. Foi elevada \u00e0 categoria de Santu\u00e1rio a 20 de maio de 2009 por D. \u00c9lio Graselin, Bispo de Lichinga.<\/p>\t\t\t\t\t\t<\/div>\n\t\t\t\t<\/div>\n\t\t\t\t\t<\/div>\n\t\t<\/div>\n\t\t\t\t<div class=\"elementor-column elementor-col-50 elementor-top-column elementor-element elementor-element-226b2b9\" data-id=\"226b2b9\" data-element_type=\"column\">\n\t\t\t<div class=\"elementor-widget-wrap elementor-element-populated\">\n\t\t\t\t\t\t\t\t<div class=\"elementor-element elementor-element-d4ebe2d elementor-widget elementor-widget-ha-slider happy-addon ha-slider\" data-id=\"d4ebe2d\" data-element_type=\"widget\" data-settings=\"{&quot;animation_speed&quot;:500,&quot;autoplay_speed&quot;:5500,&quot;autoplay&quot;:&quot;yes&quot;,&quot;loop&quot;:&quot;yes&quot;,&quot;navigation&quot;:&quot;arrow&quot;}\" data-widget_type=\"ha-slider.default\">\n\t\t\t\t<div class=\"elementor-widget-container\">\n\t\t\t\n\t\t<div class=\"hajs-slick ha-slick ha-slick--slider\">\n\n\t\t\t\n\t\t\t\t<div class=\"ha-slick-slide\">\n\t\t\t\t\t<div class=\"ha-slick-item\">\n\t\t\t\t\t\t\t\t\t\t\t\t\t<img class=\"ha-slick-img\" src=\"https:\/\/consolata-massangulo.co.mz\/home\/consolatamassang\/wp-content\/uploads\/2022\/05\/18-768x512.jpg\" alt=\"\">\n\t\t\t\t\t\t\n\t\t\t\t\t\t\t\t\t\t\t<\/div>\n\t\t\t\t<\/div>\n\n\t\t\t\n\t\t\t\t<div class=\"ha-slick-slide\">\n\t\t\t\t\t<div class=\"ha-slick-item\">\n\t\t\t\t\t\t\t\t\t\t\t\t\t<img class=\"ha-slick-img\" src=\"https:\/\/consolata-massangulo.co.mz\/home\/consolatamassang\/wp-content\/uploads\/2022\/05\/32-768x512.jpg\" alt=\"\">\n\t\t\t\t\t\t\n\t\t\t\t\t\t\t\t\t\t\t<\/div>\n\t\t\t\t<\/div>\n\n\t\t\t\n\t\t\t\t<div class=\"ha-slick-slide\">\n\t\t\t\t\t<div class=\"ha-slick-item\">\n\t\t\t\t\t\t\t\t\t\t\t\t\t<img class=\"ha-slick-img\" src=\"https:\/\/consolata-massangulo.co.mz\/home\/consolatamassang\/wp-content\/uploads\/2022\/05\/26-768x512.jpg\" alt=\"\">\n\t\t\t\t\t\t\n\t\t\t\t\t\t\t\t\t\t\t<\/div>\n\t\t\t\t<\/div>\n\n\t\t\t\n\t\t\t\t<div class=\"ha-slick-slide\">\n\t\t\t\t\t<div class=\"ha-slick-item\">\n\t\t\t\t\t\t\t\t\t\t\t\t\t<img class=\"ha-slick-img\" src=\"https:\/\/consolata-massangulo.co.mz\/home\/consolatamassang\/wp-content\/uploads\/2022\/05\/7-768x512.jpg\" alt=\"\">\n\t\t\t\t\t\t\n\t\t\t\t\t\t\t\t\t\t\t<\/div>\n\t\t\t\t<\/div>\n\n\t\t\t\n\t\t\t\t<div class=\"ha-slick-slide\">\n\t\t\t\t\t<div class=\"ha-slick-item\">\n\t\t\t\t\t\t\t\t\t\t\t\t\t<img class=\"ha-slick-img\" src=\"https:\/\/consolata-massangulo.co.mz\/home\/consolatamassang\/wp-content\/uploads\/2022\/05\/27-768x512.jpg\" alt=\"\">\n\t\t\t\t\t\t\n\t\t\t\t\t\t\t\t\t\t\t<\/div>\n\t\t\t\t<\/div>\n\n\t\t\t\n\t\t\t\t<div class=\"ha-slick-slide\">\n\t\t\t\t\t<div class=\"ha-slick-item\">\n\t\t\t\t\t\t\t\t\t\t\t\t\t<img class=\"ha-slick-img\" src=\"https:\/\/consolata-massangulo.co.mz\/home\/consolatamassang\/wp-content\/uploads\/2022\/05\/56-768x512.jpg\" alt=\"\">\n\t\t\t\t\t\t\n\t\t\t\t\t\t\t\t\t\t\t<\/div>\n\t\t\t\t<\/div>\n\n\t\t\t\n\t\t\t\t<div class=\"ha-slick-slide\">\n\t\t\t\t\t<div class=\"ha-slick-item\">\n\t\t\t\t\t\t\t\t\t\t\t\t\t<img class=\"ha-slick-img\" src=\"https:\/\/consolata-massangulo.co.mz\/home\/consolatamassang\/wp-content\/uploads\/2022\/05\/15-768x512.jpg\" alt=\"\">\n\t\t\t\t\t\t\n\t\t\t\t\t\t\t\t\t\t\t<\/div>\n\t\t\t\t<\/div>\n\n\t\t\t\n\t\t\t\t<div class=\"ha-slick-slide\">\n\t\t\t\t\t<div class=\"ha-slick-item\">\n\t\t\t\t\t\t\t\t\t\t\t\t\t<img class=\"ha-slick-img\" src=\"https:\/\/consolata-massangulo.co.mz\/home\/consolatamassang\/wp-content\/uploads\/2022\/05\/51-768x512.jpg\" alt=\"\">\n\t\t\t\t\t\t\n\t\t\t\t\t\t\t\t\t\t\t<\/div>\n\t\t\t\t<\/div>\n\n\t\t\t\n\t\t<\/div>\n\n\t\t\t\t\t<button type=\"button\" class=\"slick-prev\"><i aria-hidden=\"true\" class=\"fas fa-chevron-left\"><\/i><\/button>\n\t\t\n\t\t\t\t\t<button type=\"button\" class=\"slick-next\"><i aria-hidden=\"true\" class=\"fas fa-chevron-right\"><\/i><\/button>\n\t\t\n\t\t\t\t<\/div>\n\t\t\t\t<\/div>\n\t\t\t\t\t<\/div>\n\t\t<\/div>\n\t\t\t\t\t\t\t<\/div>\n\t\t<\/section>\n\t\t\t\t<section class=\"elementor-section elementor-top-section elementor-element elementor-element-96d17a5 elementor-section-boxed elementor-section-height-default elementor-section-height-default\" data-id=\"96d17a5\" data-element_type=\"section\" data-settings=\"{&quot;_ha_eqh_enable&quot;:false}\">\n\t\t\t\t\t\t<div class=\"elementor-container elementor-column-gap-default\">\n\t\t\t\t\t<div class=\"elementor-column elementor-col-50 elementor-top-column elementor-element elementor-element-9e6f694\" data-id=\"9e6f694\" data-element_type=\"column\">\n\t\t\t<div class=\"elementor-widget-wrap elementor-element-populated\">\n\t\t\t\t\t\t\t\t<div class=\"elementor-element elementor-element-055352c elementor-widget elementor-widget-image\" data-id=\"055352c\" data-element_type=\"widget\" data-widget_type=\"image.default\">\n\t\t\t\t<div class=\"elementor-widget-container\">\n\t\t\t\t\t\t\t\t\t\t\t\t\t\t\t\t<a href=\"https:\/\/consolata-massangulo.co.mz\/home\/consolatamassang\/wp-content\/uploads\/2022\/05\/14.jpg\" data-elementor-open-lightbox=\"yes\" data-elementor-lightbox-title=\"14\">\n\t\t\t\t\t\t\t<img width=\"1500\" height=\"1052\" src=\"https:\/\/consolata-massangulo.co.mz\/home\/consolatamassang\/wp-content\/uploads\/2022\/05\/14.jpg\" class=\"attachment-full size-full\" alt=\"\" srcset=\"https:\/\/consolata-massangulo.co.mz\/home\/consolatamassang\/wp-content\/uploads\/2022\/05\/14.jpg 1500w, https:\/\/consolata-massangulo.co.mz\/home\/consolatamassang\/wp-content\/uploads\/2022\/05\/14-300x210.jpg 300w, https:\/\/consolata-massangulo.co.mz\/home\/consolatamassang\/wp-content\/uploads\/2022\/05\/14-1024x718.jpg 1024w, https:\/\/consolata-massangulo.co.mz\/home\/consolatamassang\/wp-content\/uploads\/2022\/05\/14-768x539.jpg 768w\" sizes=\"(max-width: 1500px) 100vw, 1500px\" \/>\t\t\t\t\t\t\t\t<\/a>\n\t\t\t\t\t\t\t\t\t\t\t\t\t\t\t<\/div>\n\t\t\t\t<\/div>\n\t\t\t\t\t<\/div>\n\t\t<\/div>\n\t\t\t\t<div class=\"elementor-column elementor-col-50 elementor-top-column elementor-element elementor-element-d2471bb\" data-id=\"d2471bb\" data-element_type=\"column\">\n\t\t\t<div class=\"elementor-widget-wrap elementor-element-populated\">\n\t\t\t\t\t\t\t\t<div class=\"elementor-element elementor-element-0161dc6 elementor-widget elementor-widget-text-editor\" data-id=\"0161dc6\" data-element_type=\"widget\" data-widget_type=\"text-editor.default\">\n\t\t\t\t<div class=\"elementor-widget-container\">\n\t\t\t\t\t\t\t<p class=\"MsoNormal\">Atualmente a Par\u00f3quia de Massangulo abrange como territ\u00f3rio\no distrito de Ngauma, 2.421Km2. Confronta o Norte com a Par\u00f3quia de Nzinje, a\nSul com a Par\u00f3quia de Mandimba, a Oriente com a Par\u00f3quia de Majune e a Ocidente\ncom o Malawi.<o:p><\/o:p><\/p>\t\t\t\t\t\t<\/div>\n\t\t\t\t<\/div>\n\t\t\t\t\t<\/div>\n\t\t<\/div>\n\t\t\t\t\t\t\t<\/div>\n\t\t<\/section>\n\t\t\t\t<section class=\"elementor-section elementor-top-section elementor-element elementor-element-0e135ea elementor-section-boxed elementor-section-height-default elementor-section-height-default\" data-id=\"0e135ea\" data-element_type=\"section\" data-settings=\"{&quot;shape_divider_top&quot;:&quot;mountains&quot;,&quot;_ha_eqh_enable&quot;:false}\">\n\t\t\t\t\t<div class=\"elementor-shape elementor-shape-top\" data-negative=\"false\">\n\t\t\t<svg xmlns=\"http:\/\/www.w3.org\/2000\/svg\" viewBox=\"0 0 1000 100\" preserveAspectRatio=\"none\">\n\t<path class=\"elementor-shape-fill\" opacity=\"0.33\" d=\"M473,67.3c-203.9,88.3-263.1-34-320.3,0C66,119.1,0,59.7,0,59.7V0h1000v59.7 c0,0-62.1,26.1-94.9,29.3c-32.8,3.3-62.8-12.3-75.8-22.1C806,49.6,745.3,8.7,694.9,4.7S492.4,59,473,67.3z\"\/>\n\t<path class=\"elementor-shape-fill\" opacity=\"0.66\" d=\"M734,67.3c-45.5,0-77.2-23.2-129.1-39.1c-28.6-8.7-150.3-10.1-254,39.1 s-91.7-34.4-149.2,0C115.7,118.3,0,39.8,0,39.8V0h1000v36.5c0,0-28.2-18.5-92.1-18.5C810.2,18.1,775.7,67.3,734,67.3z\"\/>\n\t<path class=\"elementor-shape-fill\" d=\"M766.1,28.9c-200-57.5-266,65.5-395.1,19.5C242,1.8,242,5.4,184.8,20.6C128,35.8,132.3,44.9,89.9,52.5C28.6,63.7,0,0,0,0 h1000c0,0-9.9,40.9-83.6,48.1S829.6,47,766.1,28.9z\"\/>\n<\/svg>\t\t<\/div>\n\t\t\t\t\t<div class=\"elementor-container elementor-column-gap-default\">\n\t\t\t\t\t<div class=\"elementor-column elementor-col-100 elementor-top-column elementor-element elementor-element-3758dc2\" data-id=\"3758dc2\" data-element_type=\"column\">\n\t\t\t<div class=\"elementor-widget-wrap\">\n\t\t\t\t\t\t\t\t\t<\/div>\n\t\t<\/div>\n\t\t\t\t\t\t\t<\/div>\n\t\t<\/section>\n\t\t\t\t<section class=\"elementor-section elementor-top-section elementor-element elementor-element-608f0e0 elementor-section-boxed elementor-section-height-default elementor-section-height-default\" data-id=\"608f0e0\" data-element_type=\"section\" data-settings=\"{&quot;_ha_eqh_enable&quot;:false}\">\n\t\t\t\t\t\t<div class=\"elementor-container elementor-column-gap-default\">\n\t\t\t\t\t<div class=\"elementor-column elementor-col-50 elementor-top-column elementor-element elementor-element-c512894\" data-id=\"c512894\" data-element_type=\"column\">\n\t\t\t<div class=\"elementor-widget-wrap elementor-element-populated\">\n\t\t\t\t\t\t\t\t<div class=\"elementor-element elementor-element-c2c0b4e elementor-widget elementor-widget-text-editor\" data-id=\"c2c0b4e\" data-element_type=\"widget\" data-widget_type=\"text-editor.default\">\n\t\t\t\t<div class=\"elementor-widget-container\">\n\t\t\t\t\t\t\t<p>O territ\u00f3rio da miss\u00e3o \u00e9 habitado por uma popula\u00e7\u00e3o de cerca de 50\u00a0000 Habitantes.<\/p><p>Existem 10 Comunidades crist\u00e3s e cerca de 2000 cat\u00f3licos.<\/p><p>As comunidades:<\/p><ul><li>Itepela<\/li><li>Inzima<\/li><li>Manzidaula<\/li><li>Chissimbir<\/li><li>Chamba<\/li><li>Masserema<\/li><li>Nacange<\/li><li>Ngauma<\/li><li>Lumbizi<\/li><li>Cabotolo<\/li><\/ul><p>Massangulo tornou-se um local de peregrina\u00e7\u00e3o para toda a diocese, tornando-se a fonte da Igreja no Niassa.<\/p>\t\t\t\t\t\t<\/div>\n\t\t\t\t<\/div>\n\t\t\t\t\t<\/div>\n\t\t<\/div>\n\t\t\t\t<div class=\"elementor-column elementor-col-50 elementor-top-column elementor-element elementor-element-19aab97\" data-id=\"19aab97\" data-element_type=\"column\">\n\t\t\t<div class=\"elementor-widget-wrap elementor-element-populated\">\n\t\t\t\t\t\t\t\t<div class=\"elementor-element elementor-element-b389d9e elementor-widget elementor-widget-image\" data-id=\"b389d9e\" data-element_type=\"widget\" data-widget_type=\"image.default\">\n\t\t\t\t<div class=\"elementor-widget-container\">\n\t\t\t\t\t\t\t\t\t\t\t\t\t\t\t\t<a href=\"https:\/\/consolata-massangulo.co.mz\/home\/consolatamassang\/wp-content\/uploads\/2022\/05\/51.jpg\" data-elementor-open-lightbox=\"yes\" data-elementor-lightbox-title=\"51\">\n\t\t\t\t\t\t\t<img width=\"640\" height=\"427\" src=\"https:\/\/consolata-massangulo.co.mz\/home\/consolatamassang\/wp-content\/uploads\/2022\/05\/51-1024x683.jpg\" class=\"attachment-large size-large\" alt=\"\" srcset=\"https:\/\/consolata-massangulo.co.mz\/home\/consolatamassang\/wp-content\/uploads\/2022\/05\/51-1024x683.jpg 1024w, https:\/\/consolata-massangulo.co.mz\/home\/consolatamassang\/wp-content\/uploads\/2022\/05\/51-300x200.jpg 300w, https:\/\/consolata-massangulo.co.mz\/home\/consolatamassang\/wp-content\/uploads\/2022\/05\/51-768x512.jpg 768w, https:\/\/consolata-massangulo.co.mz\/home\/consolatamassang\/wp-content\/uploads\/2022\/05\/51.jpg 1500w\" sizes=\"(max-width: 640px) 100vw, 640px\" \/>\t\t\t\t\t\t\t\t<\/a>\n\t\t\t\t\t\t\t\t\t\t\t\t\t\t\t<\/div>\n\t\t\t\t<\/div>\n\t\t\t\t\t<\/div>\n\t\t<\/div>\n\t\t\t\t\t\t\t<\/div>\n\t\t<\/section>\n\t\t\t\t\t\t<\/div>\n\t\t\t\t\t<\/div>\n\t\t","protected":false},"excerpt":{"rendered":"<p>Sobre N\u00f3s Miss\u00e3o de N\u00aa Senhora da Consolata de Massangulo A Miss\u00e3o de Massangulo A Miss\u00e3o de Massangulo foi fundada a 20 maio de 1928 [&hellip;]<\/p>\n","protected":false},"author":1,"featured_media":0,"parent":0,"menu_order":0,"comment_status":"closed","ping_status":"closed","template":"elementor_header_footer","meta":[],"_links":{"self":[{"href":"https:\/\/consolata-massangulo.co.mz\/home\/consolatamassang\/wp-json\/wp\/v2\/pages\/22"}],"collection":[{"href":"https:\/\/consolata-massangulo.co.mz\/home\/consolatamassang\/wp-json\/wp\/v2\/pages"}],"about":[{"href":"https:\/\/consolata-massangulo.co.mz\/home\/consolatamassang\/wp-json\/wp\/v2\/types\/page"}],"author":[{"embeddable":true,"href":"https:\/\/consolata-massangulo.co.mz\/home\/consolatamassang\/wp-json\/wp\/v2\/users\/1"}],"replies":[{"embeddable":true,"href":"https:\/\/consolata-massangulo.co.mz\/home\/consolatamassang\/wp-json\/wp\/v2\/comments?post=22"}],"version-history":[{"count":286,"href":"https:\/\/consolata-massangulo.co.mz\/home\/consolatamassang\/wp-json\/wp\/v2\/pages\/22\/revisions"}],"predecessor-version":[{"id":1601,"href":"https:\/\/consolata-massangulo.co.mz\/home\/consolatamassang\/wp-json\/wp\/v2\/pages\/22\/revisions\/1601"}],"wp:attachment":[{"href":"https:\/\/consolata-massangulo.co.mz\/home\/consolatamassang\/wp-json\/wp\/v2\/media?parent=22"}],"curies":[{"name":"wp","href":"https:\/\/api.w.org\/{rel}","templated":true}]}}